{"id":32,"date":"2021-10-16T04:47:30","date_gmt":"2021-10-16T04:47:30","guid":{"rendered":"https:\/\/carezza.com.ar\/web\/?page_id=32"},"modified":"2021-12-09T12:42:02","modified_gmt":"2021-12-09T12:42:02","slug":"nuestra-historia","status":"publish","type":"page","link":"https:\/\/carezza.com.ar\/web\/nuestra-historia\/","title":{"rendered":"Nuestra Historia"},"content":{"rendered":"\n<div class=\"wp-block-cover alignfull has-background-dim-40 has-background-dim has-parallax\" style=\"background-image:url(https:\/\/carezza.com.ar\/web\/wp-content\/uploads\/2021\/10\/man-in-blue-standing-at-the-canadian-rockies-free-photo.jpeg);background-color:#000000;min-height:100vh;aspect-ratio:unset;\"><div class=\"wp-block-cover__inner-container is-layout-flow wp-block-cover-is-layout-flow\">\n<h2 class=\"alignwide has-white-color has-text-color wp-block-heading\" style=\"font-size:48px;line-height:1.2\"><strong><em>Carezza:<\/em><\/strong><br><strong><em>1998 \u2014 2021<\/em><\/strong><\/h2>\n\n\n\n<div class=\"wp-block-columns alignwide is-layout-flex wp-container-core-columns-is-layout-9d6595d7 wp-block-columns-is-layout-flex\">\n<div class=\"wp-block-column is-layout-flow wp-block-column-is-layout-flow\" style=\"flex-basis:60%\">\n<p class=\"has-text-color\" style=\"color:#ffffff\">Nuestra historia comienza con un sue\u00f1o familiar, compartido por tres generaciones y finalmente llevado a cabo en el a\u00f1o 2021. Nuestro OBJETIVO es La eterna b\u00fasqueda de \u00abcalidad y precio\u00bb lo cual logramos luego de 3 a\u00f1os de planificaci\u00f3n, nuestro equipo tomo las ideas, vanguardia, calidad y alguna materias primas de los dise\u00f1os italianos volc\u00e1ndolos a la producci\u00f3n en china, de esta manera logramos el Standard de calidad Europea con precios de la fabrica del mundo. Luego de 2 viajes y cientos de horas conectados con nuestro partner en china para lograr 100% el producto que quer\u00edamos y comparandolo con las marcas mas importantes del mercado Italiano, podemos llegar a la siguiente <meta charset=\"utf-8\">CONCLUSION que hemos desarrollado un esquema de negocios de estructura chica y margenes de ganancia bajos, que nos permite ofrecer productos de Alta gama a precios accesibles, tenemos la mejor relaci\u00f3n de precios vs calidad que existe hoy en el mercado en cada una de las categorias en las que participamos.<\/p>\n\n\n\n<p><\/p>\n\n\n\n<p><\/p>\n<\/div>\n\n\n\n<div class=\"wp-block-column is-layout-flow wp-block-column-is-layout-flow\"><\/div>\n\n\n\n<div class=\"wp-block-column is-layout-flow wp-block-column-is-layout-flow\"><\/div>\n<\/div>\n\n\n\n<p>A lo largo de los a\u00f1os estamos seguros que CAREZZA sera una marca lider y marcara un nuevo camino donde la calidad no sera solo para los que mas tienen, sino para TODOS.<\/p>\n<\/div><\/div>\n","protected":false},"excerpt":{"rendered":"","protected":false},"author":1,"featured_media":0,"parent":0,"menu_order":0,"comment_status":"closed","ping_status":"closed","template":"","meta":{"footnotes":""},"class_list":["post-32","page","type-page","status-publish","hentry"],"_links":{"self":[{"href":"https:\/\/carezza.com.ar\/web\/wp-json\/wp\/v2\/pages\/32","targetHints":{"allow":["GET"]}}],"collection":[{"href":"https:\/\/carezza.com.ar\/web\/wp-json\/wp\/v2\/pages"}],"about":[{"href":"https:\/\/carezza.com.ar\/web\/wp-json\/wp\/v2\/types\/page"}],"author":[{"embeddable":true,"href":"https:\/\/carezza.com.ar\/web\/wp-json\/wp\/v2\/users\/1"}],"replies":[{"embeddable":true,"href":"https:\/\/carezza.com.ar\/web\/wp-json\/wp\/v2\/comments?post=32"}],"version-history":[{"count":8,"href":"https:\/\/carezza.com.ar\/web\/wp-json\/wp\/v2\/pages\/32\/revisions"}],"predecessor-version":[{"id":100,"href":"https:\/\/carezza.com.ar\/web\/wp-json\/wp\/v2\/pages\/32\/revisions\/100"}],"wp:attachment":[{"href":"https:\/\/carezza.com.ar\/web\/wp-json\/wp\/v2\/media?parent=32"}],"curies":[{"name":"wp","href":"https:\/\/api.w.org\/{rel}","templated":true}]}}